{"id":87865,"date":"2020-03-11T22:43:35","date_gmt":"2020-03-11T21:43:35","guid":{"rendered":"https:\/\/prueba.anamoralesblog.com\/more-information-about-cookies\/"},"modified":"2020-03-11T22:43:36","modified_gmt":"2020-03-11T21:43:36","slug":"more-information-about-cookies","status":"publish","type":"page","link":"https:\/\/anamoralesblog.com\/en\/more-information-about-cookies\/","title":{"rendered":"More information about cookies"},"content":{"rendered":"<h4>What is a cookie?<\/h4>\n<p>Una <em>cookie<\/em> es un fichero de texto <b>inofensivo<\/b> que se almacena en su navegador cuando visita casi cualquier p\u00e1gina web. The usefulness of the <em>cookie<\/em> is that the web is able to remember your visit when you return to browse that page. Aunque mucha gente no lo sabe las <em>cookies<\/em> se llevan utilizando desde hace 20 a\u00f1os, cuando aparecieron los primeros navegadores para la World Wide Web.<\/p>\n<h4>What IS NOT a cookie?<\/h4>\n<p>It is not a virus, nor a Trojan, nor a worm, nor spam, nor spyware, nor does it open pop-up windows.<\/p>\n<h4>What information does a <em>cookie<\/em> store?<\/h4>\n<p><em>Cookies<\/em> do not usually store sensitive information about you, such as credit cards or bank details, photographs, your identification or personal information, etc. The data they keep is of a technical nature, personal preferences, content personalization, etc.<\/p>\n<p>The web server does not associate you as a person but rather your web browser. n fact, if you regularly browse with Internet Explorer and try browsing the same website with Firefox or Chrome, you will see that the website does not realize that you are the same person because you are actually associating the browser, not the person.<\/p>\n<h4>What kind of <em>cookies<\/em> are there?<\/h4>\n<ul>\n<li>Technical <em>cookies<\/em>: They are the most basic and allow, among other things, to know when a human or an automated application is browsing, when an anonymous user and a registered user are browsing, basic tasks for the operation of any dynamic website.<\/li>\n<li>Analysis <em>cookies<\/em>: They collect information on the type of navigation you are doing, the sections you use the most, products consulted, time slot of use, language, etc.<\/li>\n<li>Advertising <em>cookies<\/em>: They show advertising based on your browsing, your country of origin, language, etc.<\/li>\n<\/ul>\n<h4>What are own and third party <em>cookies<\/em>?<\/h4>\n<p><em>Own cookies<\/em> are those generated by the page you are visiting and those of <em>third parties<\/em> are those generated by external services or providers such as Facebook, Twitter, Google, etc.<\/p>\n<h4>What happens if I disable <em>cookies<\/em>?<\/h4>\n<p>To understand the scope of disabling <em>cookies<\/em>, we show you some examples:<\/p>\n<ul>\n<li>You will not be able to share content from that website on Facebook, Twitter or any other social network.<\/li>\n<li>The website will not be able to adapt the contents to your personal preferences, as is usually the case in online stores.<\/li>\n<li>You will not be able to access the personal area of \u200b\u200bthat website, such as <em>My account<\/em>, or <em>My profile<\/em> or <em>My orders<\/em>.<\/li>\n<li>Online stores: It will be impossible for you to make online purchases, they will have to be by phone or visiting the physical store if you have one.<\/li>\n<li>It will not be possible to customize your geographic preferences such as time zone, currency or language.<\/li>\n<li>The website will not be able to perform web analytics on visitors and web traffic, which will make it difficult for the web to be competitive.<\/li>\n<li>You will not be able to write on the blog, you will not be able to upload photos, post comments, rate or rate content. The web will also not be able to know if you are a human or an automated application that publishes <em>spam<\/em>.<\/li>\n<li>It will not be possible to display sectorized advertising, which will reduce the advertising revenue of the web.<\/li>\n<li>All social networks use <em>cookies<\/em>, if you disable them you will not be able to use any social network.<\/li>\n<\/ul>\n<h4>Can <em>cookies<\/em> be removed?<\/h4>\n<p>Yes. Not only delete, but also block, in a general or particular way for a specific domain.<\/p>\n<p>To delete <em>cookies<\/em> from a website, you must go to your browser settings and there you can search for those associated with the domain in question and proceed to delete them.<\/p>\n<h4 id=\"navegadores\"><em>Cookie<\/em> settings for the most popular browsers<\/h4>\n<p>Next we indicate how to access a specific <em>cookie<\/em> from the <b>Chrome<\/b> browser. Note: these steps may vary depending on the version of the browser:<\/p>\n<ol>\n<li>Vaya a Configuraci\u00f3n o Preferencias mediante el men\u00fa Archivo o bien pinchando el icono de personalizaci\u00f3n que aparece arriba a la derecha.<\/li>\n<li>You will see different sections, click the <em>Show advanced options<\/em> option.<\/li>\n<li>Go to <em>Privacy<\/em>, <em>Content settings<\/em>.<\/li>\n<li>Select <em>All <em>cookies<\/em> and site data<\/em>.<\/li>\n<li>A list will appear with all the <em>cookies<\/em> ordered by domain. To make it easier for you to find the <em>cookies<\/em> for a certain domain, enter the address partially or totally in the <em>Search cookies<\/em> field.<\/li>\n<li>After performing this filter, one or more lines will appear on the screen with the <em>cookies<\/em> from the requested website. Now you just have to select it and press the <em>X<\/em> to proceed with its removal.<\/li>\n<\/ol>\n<p>To access the <em>cookie<\/em> settings of the <b>Internet Explorer<\/b> browser follow these steps (they may vary depending on the browser version):<\/p>\n<ol>\n<li>Go to <em>Tools<\/em>, <em>Internet Options<\/em><\/li>\n<li>Click on <em>Privacy<\/em>.<\/li>\n<li>Move the slider to adjust the level of privacy you want.<\/li>\n<\/ol>\n<p>To access the <em>cookie<\/em> settings of the <b>Firefox<\/b> browser, follow these steps (they may vary depending on the browser version):<\/p>\n<ol>\n<li>Go to <em>Options<\/em> or <em>Preferences<\/em> depending on your operating system.<\/li>\n<li>Click on <em>Privacy<\/em>.<\/li>\n<li>Under <em>History<\/em> choose <em>Use custom settings for history<\/em>.<\/li>\n<li>Now you will see the option <em>Accept cookies<\/em>, you can activate or deactivate it according to your preferences.<\/li>\n<\/ol>\n<p>o access the <em>cookie<\/em> settings of the <b>Safari <\/b>browser for OSX follow these steps (they may vary depending on the browser version):<\/p>\n<ol>\n<li>Go to <em>Preferences<\/em>, then <em>Privacy<\/em>.<\/li>\n<li>In this place you will see the option <em>Block cookies<\/em> so that you can adjust the type of blocking you want to perform.<\/li>\n<\/ol>\n<p>To access the <em>cookie<\/em> settings of the <b>Safari browser for iOS<\/b> follow these steps (they may vary depending on the browser version):<\/p>\n<ol>\n<li>Go to <em>Settings<\/em>, then <em>Safari<\/em>.<\/li>\n<li>Go to <em>Privacy and Security<\/em>, you will see the option <em>Block cookies<\/em> to adjust the type of blocking you want to perform.<\/li>\n<\/ol>\n<p>To access the browser <em>cookie<\/em> settings for <b>Android devices<\/b> follow these steps (they may vary depending on the browser version):<\/p>\n<ol>\n<li>Run the browser and press the <em>Menu<\/em> key, then <em>Settings<\/em>.<\/li>\n<li>Go to <em>Security and Privacy<\/em>, you will see the option <em>Accept cookies<\/em> to enable or disable the box.<\/li>\n<\/ol>\n<p>To access the <em>cookie<\/em> settings of the browser for <b>Windows Phone<\/b> devices, follow these steps (they may vary depending on the browser version):<\/p>\n<ol>\n<li>Open <em>Internet Explorer<\/em>, then <em>More<\/em>, then <em>Settings<\/em><\/li>\n<li>You can now enable or disable the <em>Allow cookies<\/em> box.<\/li>\n<\/ol>\n","protected":false},"excerpt":{"rendered":"<p>What is a cookie? Una cookie es un fichero de texto inofensivo que se almacena en su navegador cuando visita [&hellip;]<\/p>\n","protected":false},"author":1,"featured_media":0,"parent":0,"menu_order":0,"comment_status":"closed","ping_status":"closed","template":"","meta":{"_monsterinsights_skip_tracking":false,"_monsterinsights_sitenote_active":false,"_monsterinsights_sitenote_note":"","_monsterinsights_sitenote_category":0,"footnotes":""},"class_list":["post-87865","page","type-page","status-publish","hentry"],"yoast_head":"<!-- This site is optimized with the Yoast SEO plugin v27.4 - https:\/\/yoast.com\/product\/yoast-seo-wordpress\/ -->\n<title>More information about cookies - Cuaderno de Viajes<\/title>\n<meta name=\"robots\" content=\"index, follow, max-snippet:-1, max-image-preview:large, max-video-preview:-1\" \/>\n<link rel=\"canonical\" href=\"https:\/\/anamoralesblog.com\/en\/more-information-about-cookies\/\" \/>\n<meta property=\"og:locale\" content=\"en_US\" \/>\n<meta property=\"og:type\" content=\"article\" \/>\n<meta property=\"og:title\" content=\"More information about cookies - Cuaderno de Viajes\" \/>\n<meta property=\"og:description\" content=\"What is a cookie? Una cookie es un fichero de texto inofensivo que se almacena en su navegador cuando visita [&hellip;]\" \/>\n<meta property=\"og:url\" content=\"https:\/\/anamoralesblog.com\/en\/more-information-about-cookies\/\" \/>\n<meta property=\"og:site_name\" content=\"Cuaderno de Viajes\" \/>\n<meta property=\"article:publisher\" content=\"https:\/\/facebook.com\/CuadernoViajes\" \/>\n<meta property=\"article:modified_time\" content=\"2020-03-11T21:43:36+00:00\" \/>\n<meta name=\"twitter:card\" content=\"summary_large_image\" \/>\n<meta name=\"twitter:label1\" content=\"Est. reading time\" \/>\n\t<meta name=\"twitter:data1\" content=\"5 minutes\" \/>\n<script type=\"application\/ld+json\" class=\"yoast-schema-graph\">{\"@context\":\"https:\\\/\\\/schema.org\",\"@graph\":[{\"@type\":\"WebPage\",\"@id\":\"https:\\\/\\\/anamoralesblog.com\\\/en\\\/more-information-about-cookies\\\/\",\"url\":\"https:\\\/\\\/anamoralesblog.com\\\/en\\\/more-information-about-cookies\\\/\",\"name\":\"More information about cookies - Cuaderno de Viajes\",\"isPartOf\":{\"@id\":\"https:\\\/\\\/anamoralesblog.com\\\/en\\\/#website\"},\"datePublished\":\"2020-03-11T21:43:35+00:00\",\"dateModified\":\"2020-03-11T21:43:36+00:00\",\"breadcrumb\":{\"@id\":\"https:\\\/\\\/anamoralesblog.com\\\/en\\\/more-information-about-cookies\\\/#breadcrumb\"},\"inLanguage\":\"en-US\",\"potentialAction\":[{\"@type\":\"ReadAction\",\"target\":[\"https:\\\/\\\/anamoralesblog.com\\\/en\\\/more-information-about-cookies\\\/\"]}]},{\"@type\":\"BreadcrumbList\",\"@id\":\"https:\\\/\\\/anamoralesblog.com\\\/en\\\/more-information-about-cookies\\\/#breadcrumb\",\"itemListElement\":[{\"@type\":\"ListItem\",\"position\":1,\"name\":\"Cover Page\",\"item\":\"https:\\\/\\\/anamoralesblog.com\\\/en\\\/home\\\/\"},{\"@type\":\"ListItem\",\"position\":2,\"name\":\"More information about cookies\"}]},{\"@type\":\"WebSite\",\"@id\":\"https:\\\/\\\/anamoralesblog.com\\\/en\\\/#website\",\"url\":\"https:\\\/\\\/anamoralesblog.com\\\/en\\\/\",\"name\":\"Cuaderno de Viajes\",\"description\":\"An open window to the World\",\"publisher\":{\"@id\":\"https:\\\/\\\/anamoralesblog.com\\\/en\\\/#\\\/schema\\\/person\\\/d6a50ddc615c616c6b8937937bd6b9cb\"},\"potentialAction\":[{\"@type\":\"SearchAction\",\"target\":{\"@type\":\"EntryPoint\",\"urlTemplate\":\"https:\\\/\\\/anamoralesblog.com\\\/en\\\/?s={search_term_string}\"},\"query-input\":{\"@type\":\"PropertyValueSpecification\",\"valueRequired\":true,\"valueName\":\"search_term_string\"}}],\"inLanguage\":\"en-US\"},{\"@type\":[\"Person\",\"Organization\"],\"@id\":\"https:\\\/\\\/anamoralesblog.com\\\/en\\\/#\\\/schema\\\/person\\\/d6a50ddc615c616c6b8937937bd6b9cb\",\"name\":\"Ana Morales\",\"image\":{\"@type\":\"ImageObject\",\"inLanguage\":\"en-US\",\"@id\":\"https:\\\/\\\/www.anamoralesblog.com\\\/wp-content\\\/uploads\\\/Logo-Cuaderno-Viajes.png\",\"url\":\"https:\\\/\\\/www.anamoralesblog.com\\\/wp-content\\\/uploads\\\/Logo-Cuaderno-Viajes.png\",\"contentUrl\":\"https:\\\/\\\/www.anamoralesblog.com\\\/wp-content\\\/uploads\\\/Logo-Cuaderno-Viajes.png\",\"width\":1630,\"height\":890,\"caption\":\"Ana Morales\"},\"logo\":{\"@id\":\"https:\\\/\\\/www.anamoralesblog.com\\\/wp-content\\\/uploads\\\/Logo-Cuaderno-Viajes.png\"},\"description\":\"Ana Morales en Google+\",\"sameAs\":[\"https:\\\/\\\/www.anamoralesblog.com\",\"https:\\\/\\\/facebook.com\\\/CuadernoViajes\",\"https:\\\/\\\/instagram.com\\\/anamoviajes\",\"https:\\\/\\\/pinterest\\\/cuadernodeviajes\"]}]}<\/script>\n<!-- \/ Yoast SEO plugin. -->","yoast_head_json":{"title":"More information about cookies - Cuaderno de Viajes","robots":{"index":"index","follow":"follow","max-snippet":"max-snippet:-1","max-image-preview":"max-image-preview:large","max-video-preview":"max-video-preview:-1"},"canonical":"https:\/\/anamoralesblog.com\/en\/more-information-about-cookies\/","og_locale":"en_US","og_type":"article","og_title":"More information about cookies - Cuaderno de Viajes","og_description":"What is a cookie? Una cookie es un fichero de texto inofensivo que se almacena en su navegador cuando visita [&hellip;]","og_url":"https:\/\/anamoralesblog.com\/en\/more-information-about-cookies\/","og_site_name":"Cuaderno de Viajes","article_publisher":"https:\/\/facebook.com\/CuadernoViajes","article_modified_time":"2020-03-11T21:43:36+00:00","twitter_card":"summary_large_image","twitter_misc":{"Est. reading time":"5 minutes"},"schema":{"@context":"https:\/\/schema.org","@graph":[{"@type":"WebPage","@id":"https:\/\/anamoralesblog.com\/en\/more-information-about-cookies\/","url":"https:\/\/anamoralesblog.com\/en\/more-information-about-cookies\/","name":"More information about cookies - Cuaderno de Viajes","isPartOf":{"@id":"https:\/\/anamoralesblog.com\/en\/#website"},"datePublished":"2020-03-11T21:43:35+00:00","dateModified":"2020-03-11T21:43:36+00:00","breadcrumb":{"@id":"https:\/\/anamoralesblog.com\/en\/more-information-about-cookies\/#breadcrumb"},"inLanguage":"en-US","potentialAction":[{"@type":"ReadAction","target":["https:\/\/anamoralesblog.com\/en\/more-information-about-cookies\/"]}]},{"@type":"BreadcrumbList","@id":"https:\/\/anamoralesblog.com\/en\/more-information-about-cookies\/#breadcrumb","itemListElement":[{"@type":"ListItem","position":1,"name":"Cover Page","item":"https:\/\/anamoralesblog.com\/en\/home\/"},{"@type":"ListItem","position":2,"name":"More information about cookies"}]},{"@type":"WebSite","@id":"https:\/\/anamoralesblog.com\/en\/#website","url":"https:\/\/anamoralesblog.com\/en\/","name":"Cuaderno de Viajes","description":"An open window to the World","publisher":{"@id":"https:\/\/anamoralesblog.com\/en\/#\/schema\/person\/d6a50ddc615c616c6b8937937bd6b9cb"},"potentialAction":[{"@type":"SearchAction","target":{"@type":"EntryPoint","urlTemplate":"https:\/\/anamoralesblog.com\/en\/?s={search_term_string}"},"query-input":{"@type":"PropertyValueSpecification","valueRequired":true,"valueName":"search_term_string"}}],"inLanguage":"en-US"},{"@type":["Person","Organization"],"@id":"https:\/\/anamoralesblog.com\/en\/#\/schema\/person\/d6a50ddc615c616c6b8937937bd6b9cb","name":"Ana Morales","image":{"@type":"ImageObject","inLanguage":"en-US","@id":"https:\/\/www.anamoralesblog.com\/wp-content\/uploads\/Logo-Cuaderno-Viajes.png","url":"https:\/\/www.anamoralesblog.com\/wp-content\/uploads\/Logo-Cuaderno-Viajes.png","contentUrl":"https:\/\/www.anamoralesblog.com\/wp-content\/uploads\/Logo-Cuaderno-Viajes.png","width":1630,"height":890,"caption":"Ana Morales"},"logo":{"@id":"https:\/\/www.anamoralesblog.com\/wp-content\/uploads\/Logo-Cuaderno-Viajes.png"},"description":"Ana Morales en Google+","sameAs":["https:\/\/www.anamoralesblog.com","https:\/\/facebook.com\/CuadernoViajes","https:\/\/instagram.com\/anamoviajes","https:\/\/pinterest\/cuadernodeviajes"]}]}},"_links":{"self":[{"href":"https:\/\/anamoralesblog.com\/en\/wp-json\/wp\/v2\/pages\/87865","targetHints":{"allow":["GET"]}}],"collection":[{"href":"https:\/\/anamoralesblog.com\/en\/wp-json\/wp\/v2\/pages"}],"about":[{"href":"https:\/\/anamoralesblog.com\/en\/wp-json\/wp\/v2\/types\/page"}],"author":[{"embeddable":true,"href":"https:\/\/anamoralesblog.com\/en\/wp-json\/wp\/v2\/users\/1"}],"replies":[{"embeddable":true,"href":"https:\/\/anamoralesblog.com\/en\/wp-json\/wp\/v2\/comments?post=87865"}],"version-history":[{"count":0,"href":"https:\/\/anamoralesblog.com\/en\/wp-json\/wp\/v2\/pages\/87865\/revisions"}],"wp:attachment":[{"href":"https:\/\/anamoralesblog.com\/en\/wp-json\/wp\/v2\/media?parent=87865"}],"curies":[{"name":"wp","href":"https:\/\/api.w.org\/{rel}","templated":true}]}}